{"id":721,"date":"2025-05-24T11:26:27","date_gmt":"2025-05-24T09:26:27","guid":{"rendered":"https:\/\/new.ccs-busreisen.de\/page-daccueil\/"},"modified":"2025-06-09T14:48:50","modified_gmt":"2025-06-09T12:48:50","slug":"page-daccueil","status":"publish","type":"page","link":"https:\/\/www.ccs-busreisen.de\/fr\/","title":{"rendered":"Page d\u2019accueil"},"content":{"rendered":"\t\t<div data-elementor-type=\"wp-page\" data-elementor-id=\"721\" class=\"elementor elementor-721 elementor-87\" data-elementor-post-type=\"page\">\n\t\t\t\t<div class=\"elementor-element elementor-element-1290f9de e-flex e-con-boxed e-con e-parent\" data-id=\"1290f9de\" data-element_type=\"container\" data-settings=\"{&quot;background_background&quot;:&quot;classic&quot;,&quot;jet_parallax_layout_list&quot;:[]}\">\n\t\t\t\t\t<div class=\"e-con-inner\">\n\t\t<div class=\"elementor-element elementor-element-2700465 e-con-full e-flex e-con e-child\" data-id=\"2700465\" data-element_type=\"container\" data-settings=\"{&quot;background_background&quot;:&quot;classic&quot;,&quot;jet_parallax_layout_list&quot;:[]}\">\n\t\t<div class=\"elementor-element elementor-element-e38cc7d e-con-full e-flex e-con e-child\" data-id=\"e38cc7d\" data-element_type=\"container\" data-settings=\"{&quot;jet_parallax_layout_list&quot;:[]}\">\n\t\t\t\t<div class=\"elementor-element elementor-element-5c2dbf7 elementor-widget-divider--view-line elementor-widget elementor-widget-divider\" data-id=\"5c2dbf7\" data-element_type=\"widget\" data-widget_type=\"divider.default\">\n\t\t\t\t<div class=\"elementor-widget-container\">\n\t\t\t\t\t\t\t<div class=\"elementor-divider\">\n\t\t\t<span class=\"elementor-divider-separator\">\n\t\t\t\t\t\t<\/span>\n\t\t<\/div>\n\t\t\t\t\t\t<\/div>\n\t\t\t\t<\/div>\n\t\t\t\t<div class=\"elementor-element elementor-element-9c63ec5 elementor-widget elementor-widget-heading\" data-id=\"9c63ec5\" data-element_type=\"widget\" data-widget_type=\"heading.default\">\n\t\t\t\t<div class=\"elementor-widget-container\">\n\t\t\t\t\t<h1 class=\"elementor-heading-title elementor-size-default\">Visites de la ville - Hop on Hop off<\/h1>\t\t\t\t<\/div>\n\t\t\t\t<\/div>\n\t\t\t\t<div class=\"elementor-element elementor-element-7baa188 elementor-widget elementor-widget-heading\" data-id=\"7baa188\" data-element_type=\"widget\" data-widget_type=\"heading.default\">\n\t\t\t\t<div class=\"elementor-widget-container\">\n\t\t\t\t\t<h3 class=\"elementor-heading-title elementor-size-default\">COLOGNE OPEN AIR dans un bus convertible XXL \u00e0 imp\u00e9riale<\/h3>\t\t\t\t<\/div>\n\t\t\t\t<\/div>\n\t\t\t\t<div class=\"elementor-element elementor-element-e84c48b elementor-widget-divider--view-line elementor-widget elementor-widget-divider\" data-id=\"e84c48b\" data-element_type=\"widget\" data-widget_type=\"divider.default\">\n\t\t\t\t<div class=\"elementor-widget-container\">\n\t\t\t\t\t\t\t<div class=\"elementor-divider\">\n\t\t\t<span class=\"elementor-divider-separator\">\n\t\t\t\t\t\t<\/span>\n\t\t<\/div>\n\t\t\t\t\t\t<\/div>\n\t\t\t\t<\/div>\n\t\t\t\t<div class=\"elementor-element elementor-element-a643ce4 elementor-widget-divider--view-line elementor-widget elementor-widget-divider\" data-id=\"a643ce4\" data-element_type=\"widget\" data-widget_type=\"divider.default\">\n\t\t\t\t<div class=\"elementor-widget-container\">\n\t\t\t\t\t\t\t<div class=\"elementor-divider\">\n\t\t\t<span class=\"elementor-divider-separator\">\n\t\t\t\t\t\t<\/span>\n\t\t<\/div>\n\t\t\t\t\t\t<\/div>\n\t\t\t\t<\/div>\n\t\t\t\t<div class=\"elementor-element elementor-element-8285f21 elementor-widget elementor-widget-text-editor\" data-id=\"8285f21\" data-element_type=\"widget\" data-widget_type=\"text-editor.default\">\n\t\t\t\t<div class=\"elementor-widget-container\">\n\t\t\t\t\t\t\t\t\t<p>D\u00e9couvrez les points forts de Cologne avec notre circuit Hop on Hop off. Montez \u00e0 bord de nos bus \u00e0 imp\u00e9riale jaunes et rouges du CityTour et profitez d\u2019une visite de la ville de Cologne avec nos bus d\u00e9capotables exclusifs &#8211; s\u2019il fait beau, nous vous conduirons \u00ab &nbsp;en plein air&nbsp; \u00bb. Explorez facilement les endroits de la ville que vous ne pouvez pas atteindre \u00e0 pied.  <\/p>\t\t\t\t\t\t\t\t<\/div>\n\t\t\t\t<\/div>\n\t\t\t\t<div class=\"elementor-element elementor-element-b86fddd elementor-widget elementor-widget-gallery\" data-id=\"b86fddd\" data-element_type=\"widget\" data-settings=\"{&quot;columns&quot;:3,&quot;gap&quot;:{&quot;unit&quot;:&quot;px&quot;,&quot;size&quot;:20,&quot;sizes&quot;:[]},&quot;columns_tablet&quot;:3,&quot;columns_mobile&quot;:3,&quot;lazyload&quot;:&quot;yes&quot;,&quot;gallery_layout&quot;:&quot;grid&quot;,&quot;gap_tablet&quot;:{&quot;unit&quot;:&quot;px&quot;,&quot;size&quot;:10,&quot;sizes&quot;:[]},&quot;gap_mobile&quot;:{&quot;unit&quot;:&quot;px&quot;,&quot;size&quot;:10,&quot;sizes&quot;:[]},&quot;link_to&quot;:&quot;file&quot;,&quot;aspect_ratio&quot;:&quot;3:2&quot;,&quot;overlay_background&quot;:&quot;yes&quot;,&quot;content_hover_animation&quot;:&quot;fade-in&quot;}\" data-widget_type=\"gallery.default\">\n\t\t\t\t<div class=\"elementor-widget-container\">\n\t\t\t\t\t\t\t<div class=\"elementor-gallery__container\">\n\t\t\t\t\t\t\t<a class=\"e-gallery-item elementor-gallery-item elementor-animated-content\" href=\"https:\/\/www.ccs-busreisen.de\/wp-content\/uploads\/2025\/05\/galerie2-e1748688065660.jpg\" data-elementor-open-lightbox=\"yes\" data-elementor-lightbox-slideshow=\"b86fddd\" data-e-action-hash=\"#elementor-action%3Aaction%3Dlightbox%26settings%3DeyJpZCI6NzM5LCJ1cmwiOiJodHRwczpcL1wvd3d3LmNjcy1idXNyZWlzZW4uZGVcL3dwLWNvbnRlbnRcL3VwbG9hZHNcLzIwMjVcLzA1XC9nYWxlcmllMi1lMTc0ODY4ODA2NTY2MC5qcGciLCJzbGlkZXNob3ciOiJiODZmZGRkIn0%3D\">\n\t\t\t\t\t<div class=\"e-gallery-image elementor-gallery-item__image\" data-thumbnail=\"https:\/\/www.ccs-busreisen.de\/wp-content\/uploads\/2025\/05\/galerie2-e1748688065660.jpg\" data-width=\"2543\" data-height=\"1476\" aria-label=\"\" role=\"img\" ><\/div>\n\t\t\t\t\t\t\t\t\t\t\t<div class=\"elementor-gallery-item__overlay\"><\/div>\n\t\t\t\t\t\t\t\t\t\t\t\t\t\t<\/a>\n\t\t\t\t\t\t\t<a class=\"e-gallery-item elementor-gallery-item elementor-animated-content\" href=\"https:\/\/www.ccs-busreisen.de\/wp-content\/uploads\/2025\/05\/galerie1.jpg\" data-elementor-open-lightbox=\"yes\" data-elementor-lightbox-slideshow=\"b86fddd\" data-e-action-hash=\"#elementor-action%3Aaction%3Dlightbox%26settings%3DeyJpZCI6NzM3LCJ1cmwiOiJodHRwczpcL1wvd3d3LmNjcy1idXNyZWlzZW4uZGVcL3dwLWNvbnRlbnRcL3VwbG9hZHNcLzIwMjVcLzA1XC9nYWxlcmllMS5qcGciLCJzbGlkZXNob3ciOiJiODZmZGRkIn0%3D\">\n\t\t\t\t\t<div class=\"e-gallery-image elementor-gallery-item__image\" data-thumbnail=\"https:\/\/www.ccs-busreisen.de\/wp-content\/uploads\/2025\/05\/galerie1.jpg\" data-width=\"2000\" data-height=\"1333\" aria-label=\"\" role=\"img\" ><\/div>\n\t\t\t\t\t\t\t\t\t\t\t<div class=\"elementor-gallery-item__overlay\"><\/div>\n\t\t\t\t\t\t\t\t\t\t\t\t\t\t<\/a>\n\t\t\t\t\t\t\t<a class=\"e-gallery-item elementor-gallery-item elementor-animated-content\" href=\"https:\/\/www.ccs-busreisen.de\/wp-content\/uploads\/2025\/05\/galerie3.jpg\" data-elementor-open-lightbox=\"yes\" data-elementor-lightbox-slideshow=\"b86fddd\" data-e-action-hash=\"#elementor-action%3Aaction%3Dlightbox%26settings%3DeyJpZCI6NzM1LCJ1cmwiOiJodHRwczpcL1wvd3d3LmNjcy1idXNyZWlzZW4uZGVcL3dwLWNvbnRlbnRcL3VwbG9hZHNcLzIwMjVcLzA1XC9nYWxlcmllMy5qcGciLCJzbGlkZXNob3ciOiJiODZmZGRkIn0%3D\">\n\t\t\t\t\t<div class=\"e-gallery-image elementor-gallery-item__image\" data-thumbnail=\"https:\/\/www.ccs-busreisen.de\/wp-content\/uploads\/2025\/05\/galerie3.jpg\" data-width=\"2000\" data-height=\"1335\" aria-label=\"\" role=\"img\" ><\/div>\n\t\t\t\t\t\t\t\t\t\t\t<div class=\"elementor-gallery-item__overlay\"><\/div>\n\t\t\t\t\t\t\t\t\t\t\t\t\t\t<\/a>\n\t\t\t\t\t<\/div>\n\t\t\t\t\t<\/div>\n\t\t\t\t<\/div>\n\t\t\t\t<div class=\"elementor-element elementor-element-38e06a3 elementor-widget elementor-widget-text-editor\" data-id=\"38e06a3\" data-element_type=\"widget\" data-widget_type=\"text-editor.default\">\n\t\t\t\t<div class=\"elementor-widget-container\">\n\t\t\t\t\t\t\t\t\t<p>O\u00f9 que vous soyez, il vous suffit de descendre \u00e0 l\u2019un des nombreux arr\u00eats et de continuer votre voyage dans l\u2019un des prochains bus ou de profiter de votre visite de la ville sans descendre. Organisez votre journ\u00e9e \u00e0 travers un m\u00e9lange d\u2019art, de culture et de shopping. 14 arr\u00eats vous offrent la possibilit\u00e9 d\u2019explorer les sites touristiques de Cologne individuellement.  <\/p><p><b>LIEU DE RENDEZ-VOUS :<\/b> Mur du ch\u00e2teau\/angle de la Kardinal H\u00f6ffner Platz. Le bus part du bureau de l\u2019Office du tourisme de Cologne, juste en face de la cath\u00e9drale. De l\u00e0, l\u2019itin\u00e9raire traverse Cologne, passe devant des galeries marchandes, des mus\u00e9es, le zoo de Cologne et se dirige vers l\u2019autre c\u00f4t\u00e9 du Rhin. La visite se termine ensuite \u00e0 la cath\u00e9drale de Cologne.   <\/p><p><b>Dur\u00e9e : environ 1,5 heure<\/b><\/p>\t\t\t\t\t\t\t\t<\/div>\n\t\t\t\t<\/div>\n\t\t\t\t<\/div>\n\t\t\t\t<\/div>\n\t\t\t\t\t<\/div>\n\t\t\t\t<\/div>\n\t\t<div class=\"elementor-element elementor-element-521db07 e-flex e-con-boxed e-con e-parent\" data-id=\"521db07\" data-element_type=\"container\" data-settings=\"{&quot;jet_parallax_layout_list&quot;:[]}\">\n\t\t\t\t\t<div class=\"e-con-inner\">\n\t\t\t\t<div class=\"elementor-element elementor-element-0501dc0 elementor-cta--skin-classic elementor-animated-content elementor-bg-transform elementor-bg-transform-zoom-in elementor-widget elementor-widget-call-to-action\" data-id=\"0501dc0\" data-element_type=\"widget\" data-widget_type=\"call-to-action.default\">\n\t\t\t\t<div class=\"elementor-widget-container\">\n\t\t\t\t\t\t\t<a class=\"elementor-cta\" href=\"#elementor-action%3Aaction%3Dpopup%3Aopen%26settings%3DeyJpZCI6NjA5LCJ0b2dnbGUiOmZhbHNlfQ%3D%3D\">\n\t\t\t\t\t<div class=\"elementor-cta__bg-wrapper\">\n\t\t\t\t<div class=\"elementor-cta__bg elementor-bg\" style=\"background-image: url(https:\/\/www.ccs-busreisen.de\/wp-content\/uploads\/2025\/05\/galerie2-e1748688065660.jpg);\" role=\"img\" aria-label=\"\"><\/div>\n\t\t\t\t<div class=\"elementor-cta__bg-overlay\"><\/div>\n\t\t\t<\/div>\n\t\t\t\t\t\t\t<div class=\"elementor-cta__content\">\n\t\t\t\t\n\t\t\t\t\n\t\t\t\t\n\t\t\t\t\t\t\t\t\t<div class=\"elementor-cta__button-wrapper elementor-cta__content-item elementor-content-item \">\n\t\t\t\t\t<span class=\"elementor-cta__button elementor-button elementor-size-\">\n\t\t\t\t\t\tR\u00e9servez votre billet ICI !\t\t\t\t\t<\/span>\n\t\t\t\t\t<\/div>\n\t\t\t\t\t\t\t<\/div>\n\t\t\t\t\t\t\t<div class=\"elementor-ribbon elementor-ribbon-left\">\n\t\t\t\t<div class=\"elementor-ribbon-inner\">\n\t\t\t\t\tBILLETS!\t\t\t\t<\/div>\n\t\t\t<\/div>\n\t\t\t\t<\/a>\n\t\t\t\t\t\t<\/div>\n\t\t\t\t<\/div>\n\t\t\t\t\t<\/div>\n\t\t\t\t<\/div>\n\t\t\t\t<\/div>\n\t\t","protected":false},"excerpt":{"rendered":"<p>Visites de la ville &#8211; Hop on Hop off COLOGNE OPEN AIR dans un bus convertible XXL \u00e0 imp\u00e9riale D\u00e9couvrez les points forts de Cologne avec notre circuit Hop on Hop off. Montez \u00e0 bord de nos bus \u00e0 imp\u00e9riale jaunes et rouges du CityTour et profitez d\u2019une visite de la ville de Cologne avec [&hellip;]<\/p>\n","protected":false},"author":1,"featured_media":0,"parent":0,"menu_order":0,"comment_status":"closed","ping_status":"closed","template":"","meta":{"footnotes":""},"class_list":["post-721","page","type-page","status-publish","hentry"],"_links":{"self":[{"href":"https:\/\/www.ccs-busreisen.de\/fr\/wp-json\/wp\/v2\/pages\/721","targetHints":{"allow":["GET"]}}],"collection":[{"href":"https:\/\/www.ccs-busreisen.de\/fr\/wp-json\/wp\/v2\/pages"}],"about":[{"href":"https:\/\/www.ccs-busreisen.de\/fr\/wp-json\/wp\/v2\/types\/page"}],"author":[{"embeddable":true,"href":"https:\/\/www.ccs-busreisen.de\/fr\/wp-json\/wp\/v2\/users\/1"}],"replies":[{"embeddable":true,"href":"https:\/\/www.ccs-busreisen.de\/fr\/wp-json\/wp\/v2\/comments?post=721"}],"version-history":[{"count":2,"href":"https:\/\/www.ccs-busreisen.de\/fr\/wp-json\/wp\/v2\/pages\/721\/revisions"}],"predecessor-version":[{"id":743,"href":"https:\/\/www.ccs-busreisen.de\/fr\/wp-json\/wp\/v2\/pages\/721\/revisions\/743"}],"wp:attachment":[{"href":"https:\/\/www.ccs-busreisen.de\/fr\/wp-json\/wp\/v2\/media?parent=721"}],"curies":[{"name":"wp","href":"https:\/\/api.w.org\/{rel}","templated":true}]}}