{"id":685,"date":"2025-05-25T18:40:03","date_gmt":"2025-05-25T16:40:03","guid":{"rendered":"https:\/\/new.ccs-busreisen.de\/mentions-legales\/"},"modified":"2025-06-20T16:36:39","modified_gmt":"2025-06-20T14:36:39","slug":"mentions-legales","status":"publish","type":"page","link":"https:\/\/www.ccs-busreisen.de\/fr\/mentions-legales\/","title":{"rendered":"Mentions l\u00e9gales"},"content":{"rendered":"\t\t<div data-elementor-type=\"wp-page\" data-elementor-id=\"685\" class=\"elementor elementor-685 elementor-308\" data-elementor-post-type=\"page\">\n\t\t\t\t<div class=\"elementor-element elementor-element-b934880 e-flex e-con-boxed e-con e-parent\" data-id=\"b934880\" data-element_type=\"container\" data-settings=\"{&quot;background_background&quot;:&quot;classic&quot;,&quot;jet_parallax_layout_list&quot;:[]}\">\n\t\t\t\t\t<div class=\"e-con-inner\">\n\t\t<div class=\"elementor-element elementor-element-e0913be e-con-full e-flex e-con e-child\" data-id=\"e0913be\" data-element_type=\"container\" data-settings=\"{&quot;background_background&quot;:&quot;classic&quot;,&quot;jet_parallax_layout_list&quot;:[]}\">\n\t\t<div class=\"elementor-element elementor-element-fa8cbb5 e-con-full e-flex e-con e-child\" data-id=\"fa8cbb5\" data-element_type=\"container\" data-settings=\"{&quot;jet_parallax_layout_list&quot;:[]}\">\n\t\t\t\t<div class=\"elementor-element elementor-element-766dd7a elementor-widget-divider--view-line elementor-widget elementor-widget-divider\" data-id=\"766dd7a\" data-element_type=\"widget\" data-widget_type=\"divider.default\">\n\t\t\t\t<div class=\"elementor-widget-container\">\n\t\t\t\t\t\t\t<div class=\"elementor-divider\">\n\t\t\t<span class=\"elementor-divider-separator\">\n\t\t\t\t\t\t<\/span>\n\t\t<\/div>\n\t\t\t\t\t\t<\/div>\n\t\t\t\t<\/div>\n\t\t\t\t<div class=\"elementor-element elementor-element-09de256 elementor-widget elementor-widget-heading\" data-id=\"09de256\" data-element_type=\"widget\" data-widget_type=\"heading.default\">\n\t\t\t\t<div class=\"elementor-widget-container\">\n\t\t\t\t\t<h1 class=\"elementor-heading-title elementor-size-default\">Mentions l\u00e9gales<\/h1>\t\t\t\t<\/div>\n\t\t\t\t<\/div>\n\t\t\t\t<div class=\"elementor-element elementor-element-72029b1 elementor-widget-divider--view-line elementor-widget elementor-widget-divider\" data-id=\"72029b1\" data-element_type=\"widget\" data-widget_type=\"divider.default\">\n\t\t\t\t<div class=\"elementor-widget-container\">\n\t\t\t\t\t\t\t<div class=\"elementor-divider\">\n\t\t\t<span class=\"elementor-divider-separator\">\n\t\t\t\t\t\t<\/span>\n\t\t<\/div>\n\t\t\t\t\t\t<\/div>\n\t\t\t\t<\/div>\n\t\t\t\t<div class=\"elementor-element elementor-element-a643799 elementor-widget elementor-widget-text-editor\" data-id=\"a643799\" data-element_type=\"widget\" data-widget_type=\"text-editor.default\">\n\t\t\t\t<div class=\"elementor-widget-container\">\n\t\t\t\t\t\t\t\t\t<div class=\"row\"><div class=\"col-sm-6\"><p><strong>Cologne Coach Service Busreisen GmbH<\/strong><\/p><p>Hugo Junkers Str 12 D<br>50739 Cologne<\/p><\/div><div class=\"col-sm-6\"><p><label>T\u00e9l\u00e9phone&nbsp;: <\/label> + 49 (0) 221 \/ 97 92 57-0<br><label>Courriel : <\/label> <a href=\"mailto:info@ccs-busreisen.de\">info@ccs-busreisen.de<\/a><br><label>Acc\u00e8s Internet : <\/label> <a href=\"http:\/\/www.css-busreisen.de\">www.ccs-busreisen.de<\/a><\/p><\/div><\/div><div class=\"row\"><div class=\"col-sm-6\"><p><label>G\u00e9rant: <\/label> Dominique Willms, Florian Willms<br><label>Ust.-ID.Nr. : <\/label> DE812406646<\/p><\/div><div class=\"col-sm-6\"><p><label>Registre: <\/label> Tribunal d\u2019instance de Cologne<br><label>Num\u00e9ro d\u2019enregistrement : <\/label> HRB 29891<\/p><div class=\"row\"><div class=\"col-sm-12 text-justify\"><p><strong>Source de l\u2019image utilis\u00e9e<\/strong><\/p><p><em>CCS-Busreisen GmbH, <a href=\"https:\/\/stock.adobe.com\/de\/images\/skyline-koln\/90779983\" target=\"_blank\" rel=\"noopener\">\u00a9 SimpLine- stock.adobe.com<\/a>, <a href=\"https:\/\/stock.adobe.com\/de\/images\/koln-skyline-panorama-im-sommer\/216512756\" target=\"_blank\" rel=\"noopener\">\u00a9 eyetronic &#8211; stock.adobe.com,<\/a> <a href=\"https:\/\/stock.adobe.com\/de\/images\/koln-skyline-panorama-im-sommer\/92186696\" target=\"_blank\" rel=\"noopener\">\u00a9 vichie81- stock.adobe.com<\/a><\/em><\/p><p>Conception et r\u00e9alisation : <em><a href=\"http:\/\/www.infinitum.de\" target=\"_blank\" rel=\"noopener\">infinitum multimedia<\/a><\/em><\/p><\/div><\/div><\/div><\/div>\t\t\t\t\t\t\t\t<\/div>\n\t\t\t\t<\/div>\n\t\t\t\t<\/div>\n\t\t\t\t<\/div>\n\t\t\t\t\t<\/div>\n\t\t\t\t<\/div>\n\t\t\t\t<\/div>\n\t\t","protected":false},"excerpt":{"rendered":"<p>Mentions l\u00e9gales Cologne Coach Service Busreisen GmbH Hugo Junkers Str 12 D50739 Cologne T\u00e9l\u00e9phone&nbsp;: + 49 (0) 221 \/ 97 92 57-0Courriel : info@ccs-busreisen.deAcc\u00e8s Internet : www.ccs-busreisen.de G\u00e9rant: Dominique Willms, Florian WillmsUst.-ID.Nr. : DE812406646 Registre: Tribunal d\u2019instance de CologneNum\u00e9ro d\u2019enregistrement : HRB 29891 Source de l\u2019image utilis\u00e9e CCS-Busreisen GmbH, \u00a9 SimpLine- stock.adobe.com, \u00a9 eyetronic &#8211; [&hellip;]<\/p>\n","protected":false},"author":1,"featured_media":0,"parent":0,"menu_order":0,"comment_status":"closed","ping_status":"closed","template":"","meta":{"footnotes":""},"class_list":["post-685","page","type-page","status-publish","hentry"],"_links":{"self":[{"href":"https:\/\/www.ccs-busreisen.de\/fr\/wp-json\/wp\/v2\/pages\/685","targetHints":{"allow":["GET"]}}],"collection":[{"href":"https:\/\/www.ccs-busreisen.de\/fr\/wp-json\/wp\/v2\/pages"}],"about":[{"href":"https:\/\/www.ccs-busreisen.de\/fr\/wp-json\/wp\/v2\/types\/page"}],"author":[{"embeddable":true,"href":"https:\/\/www.ccs-busreisen.de\/fr\/wp-json\/wp\/v2\/users\/1"}],"replies":[{"embeddable":true,"href":"https:\/\/www.ccs-busreisen.de\/fr\/wp-json\/wp\/v2\/comments?post=685"}],"version-history":[{"count":4,"href":"https:\/\/www.ccs-busreisen.de\/fr\/wp-json\/wp\/v2\/pages\/685\/revisions"}],"predecessor-version":[{"id":1103,"href":"https:\/\/www.ccs-busreisen.de\/fr\/wp-json\/wp\/v2\/pages\/685\/revisions\/1103"}],"wp:attachment":[{"href":"https:\/\/www.ccs-busreisen.de\/fr\/wp-json\/wp\/v2\/media?parent=685"}],"curies":[{"name":"wp","href":"https:\/\/api.w.org\/{rel}","templated":true}]}}