{"id":720,"date":"2025-05-24T11:26:27","date_gmt":"2025-05-24T09:26:27","guid":{"rendered":"https:\/\/new.ccs-busreisen.de\/pagina-principal\/"},"modified":"2025-06-09T14:48:50","modified_gmt":"2025-06-09T12:48:50","slug":"pagina-principal","status":"publish","type":"page","link":"https:\/\/www.ccs-busreisen.de\/es\/","title":{"rendered":"P\u00e1gina principal"},"content":{"rendered":"\t\t<div data-elementor-type=\"wp-page\" data-elementor-id=\"720\" class=\"elementor elementor-720 elementor-87\" data-elementor-post-type=\"page\">\n\t\t\t\t<div class=\"elementor-element elementor-element-1290f9de e-flex e-con-boxed e-con e-parent\" data-id=\"1290f9de\" data-element_type=\"container\" data-settings=\"{&quot;background_background&quot;:&quot;classic&quot;,&quot;jet_parallax_layout_list&quot;:[]}\">\n\t\t\t\t\t<div class=\"e-con-inner\">\n\t\t<div class=\"elementor-element elementor-element-2700465 e-con-full e-flex e-con e-child\" data-id=\"2700465\" data-element_type=\"container\" data-settings=\"{&quot;background_background&quot;:&quot;classic&quot;,&quot;jet_parallax_layout_list&quot;:[]}\">\n\t\t<div class=\"elementor-element elementor-element-e38cc7d e-con-full e-flex e-con e-child\" data-id=\"e38cc7d\" data-element_type=\"container\" data-settings=\"{&quot;jet_parallax_layout_list&quot;:[]}\">\n\t\t\t\t<div class=\"elementor-element elementor-element-5c2dbf7 elementor-widget-divider--view-line elementor-widget elementor-widget-divider\" data-id=\"5c2dbf7\" data-element_type=\"widget\" data-widget_type=\"divider.default\">\n\t\t\t\t<div class=\"elementor-widget-container\">\n\t\t\t\t\t\t\t<div class=\"elementor-divider\">\n\t\t\t<span class=\"elementor-divider-separator\">\n\t\t\t\t\t\t<\/span>\n\t\t<\/div>\n\t\t\t\t\t\t<\/div>\n\t\t\t\t<\/div>\n\t\t\t\t<div class=\"elementor-element elementor-element-9c63ec5 elementor-widget elementor-widget-heading\" data-id=\"9c63ec5\" data-element_type=\"widget\" data-widget_type=\"heading.default\">\n\t\t\t\t<div class=\"elementor-widget-container\">\n\t\t\t\t\t<h1 class=\"elementor-heading-title elementor-size-default\">Recorridos por la ciudad - Hop on Hop off<\/h1>\t\t\t\t<\/div>\n\t\t\t\t<\/div>\n\t\t\t\t<div class=\"elementor-element elementor-element-7baa188 elementor-widget elementor-widget-heading\" data-id=\"7baa188\" data-element_type=\"widget\" data-widget_type=\"heading.default\">\n\t\t\t\t<div class=\"elementor-widget-container\">\n\t\t\t\t\t<h3 class=\"elementor-heading-title elementor-size-default\">COLONIA AL AIRE LIBRE en un autob\u00fas descapotable XXL de dos pisos<\/h3>\t\t\t\t<\/div>\n\t\t\t\t<\/div>\n\t\t\t\t<div class=\"elementor-element elementor-element-e84c48b elementor-widget-divider--view-line elementor-widget elementor-widget-divider\" data-id=\"e84c48b\" data-element_type=\"widget\" data-widget_type=\"divider.default\">\n\t\t\t\t<div class=\"elementor-widget-container\">\n\t\t\t\t\t\t\t<div class=\"elementor-divider\">\n\t\t\t<span class=\"elementor-divider-separator\">\n\t\t\t\t\t\t<\/span>\n\t\t<\/div>\n\t\t\t\t\t\t<\/div>\n\t\t\t\t<\/div>\n\t\t\t\t<div class=\"elementor-element elementor-element-a643ce4 elementor-widget-divider--view-line elementor-widget elementor-widget-divider\" data-id=\"a643ce4\" data-element_type=\"widget\" data-widget_type=\"divider.default\">\n\t\t\t\t<div class=\"elementor-widget-container\">\n\t\t\t\t\t\t\t<div class=\"elementor-divider\">\n\t\t\t<span class=\"elementor-divider-separator\">\n\t\t\t\t\t\t<\/span>\n\t\t<\/div>\n\t\t\t\t\t\t<\/div>\n\t\t\t\t<\/div>\n\t\t\t\t<div class=\"elementor-element elementor-element-8285f21 elementor-widget elementor-widget-text-editor\" data-id=\"8285f21\" data-element_type=\"widget\" data-widget_type=\"text-editor.default\">\n\t\t\t\t<div class=\"elementor-widget-container\">\n\t\t\t\t\t\t\t\t\t<p>Experimente los aspectos m\u00e1s destacados de Colonia con nuestro tour Hop on Hop off. Sube a bordo de nuestros autobuses de dos pisos amarillos y rojos del CityTour y disfruta de un recorrido por la ciudad de Colonia con nuestros exclusivos autobuses descapotables: si hace buen tiempo, te llevaremos \u201cal aire libre\u201d. Explora f\u00e1cilmente los lugares de la ciudad a los que no puedes llegar a pie.  <\/p>\t\t\t\t\t\t\t\t<\/div>\n\t\t\t\t<\/div>\n\t\t\t\t<div class=\"elementor-element elementor-element-b86fddd elementor-widget elementor-widget-gallery\" data-id=\"b86fddd\" data-element_type=\"widget\" data-settings=\"{&quot;columns&quot;:3,&quot;gap&quot;:{&quot;unit&quot;:&quot;px&quot;,&quot;size&quot;:20,&quot;sizes&quot;:[]},&quot;columns_tablet&quot;:3,&quot;columns_mobile&quot;:3,&quot;lazyload&quot;:&quot;yes&quot;,&quot;gallery_layout&quot;:&quot;grid&quot;,&quot;gap_tablet&quot;:{&quot;unit&quot;:&quot;px&quot;,&quot;size&quot;:10,&quot;sizes&quot;:[]},&quot;gap_mobile&quot;:{&quot;unit&quot;:&quot;px&quot;,&quot;size&quot;:10,&quot;sizes&quot;:[]},&quot;link_to&quot;:&quot;file&quot;,&quot;aspect_ratio&quot;:&quot;3:2&quot;,&quot;overlay_background&quot;:&quot;yes&quot;,&quot;content_hover_animation&quot;:&quot;fade-in&quot;}\" data-widget_type=\"gallery.default\">\n\t\t\t\t<div class=\"elementor-widget-container\">\n\t\t\t\t\t\t\t<div class=\"elementor-gallery__container\">\n\t\t\t\t\t\t\t<a class=\"e-gallery-item elementor-gallery-item elementor-animated-content\" href=\"https:\/\/www.ccs-busreisen.de\/wp-content\/uploads\/2025\/05\/galerie2-e1748688065660.jpg\" data-elementor-open-lightbox=\"yes\" data-elementor-lightbox-slideshow=\"b86fddd\" data-e-action-hash=\"#elementor-action%3Aaction%3Dlightbox%26settings%3DeyJpZCI6NzM4LCJ1cmwiOiJodHRwczpcL1wvd3d3LmNjcy1idXNyZWlzZW4uZGVcL3dwLWNvbnRlbnRcL3VwbG9hZHNcLzIwMjVcLzA1XC9nYWxlcmllMi1lMTc0ODY4ODA2NTY2MC5qcGciLCJzbGlkZXNob3ciOiJiODZmZGRkIn0%3D\">\n\t\t\t\t\t<div class=\"e-gallery-image elementor-gallery-item__image\" data-thumbnail=\"https:\/\/www.ccs-busreisen.de\/wp-content\/uploads\/2025\/05\/galerie2-e1748688065660.jpg\" data-width=\"2543\" data-height=\"1476\" aria-label=\"\" role=\"img\" ><\/div>\n\t\t\t\t\t\t\t\t\t\t\t<div class=\"elementor-gallery-item__overlay\"><\/div>\n\t\t\t\t\t\t\t\t\t\t\t\t\t\t<\/a>\n\t\t\t\t\t\t\t<a class=\"e-gallery-item elementor-gallery-item elementor-animated-content\" href=\"https:\/\/www.ccs-busreisen.de\/wp-content\/uploads\/2025\/05\/galerie1.jpg\" data-elementor-open-lightbox=\"yes\" data-elementor-lightbox-slideshow=\"b86fddd\" data-e-action-hash=\"#elementor-action%3Aaction%3Dlightbox%26settings%3DeyJpZCI6NzM2LCJ1cmwiOiJodHRwczpcL1wvd3d3LmNjcy1idXNyZWlzZW4uZGVcL3dwLWNvbnRlbnRcL3VwbG9hZHNcLzIwMjVcLzA1XC9nYWxlcmllMS5qcGciLCJzbGlkZXNob3ciOiJiODZmZGRkIn0%3D\">\n\t\t\t\t\t<div class=\"e-gallery-image elementor-gallery-item__image\" data-thumbnail=\"https:\/\/www.ccs-busreisen.de\/wp-content\/uploads\/2025\/05\/galerie1.jpg\" data-width=\"2000\" data-height=\"1333\" aria-label=\"\" role=\"img\" ><\/div>\n\t\t\t\t\t\t\t\t\t\t\t<div class=\"elementor-gallery-item__overlay\"><\/div>\n\t\t\t\t\t\t\t\t\t\t\t\t\t\t<\/a>\n\t\t\t\t\t\t\t<a class=\"e-gallery-item elementor-gallery-item elementor-animated-content\" href=\"https:\/\/www.ccs-busreisen.de\/wp-content\/uploads\/2025\/05\/galerie3.jpg\" data-elementor-open-lightbox=\"yes\" data-elementor-lightbox-slideshow=\"b86fddd\" data-e-action-hash=\"#elementor-action%3Aaction%3Dlightbox%26settings%3DeyJpZCI6NzMzLCJ1cmwiOiJodHRwczpcL1wvd3d3LmNjcy1idXNyZWlzZW4uZGVcL3dwLWNvbnRlbnRcL3VwbG9hZHNcLzIwMjVcLzA1XC9nYWxlcmllMy5qcGciLCJzbGlkZXNob3ciOiJiODZmZGRkIn0%3D\">\n\t\t\t\t\t<div class=\"e-gallery-image elementor-gallery-item__image\" data-thumbnail=\"https:\/\/www.ccs-busreisen.de\/wp-content\/uploads\/2025\/05\/galerie3.jpg\" data-width=\"2000\" data-height=\"1335\" aria-label=\"\" role=\"img\" ><\/div>\n\t\t\t\t\t\t\t\t\t\t\t<div class=\"elementor-gallery-item__overlay\"><\/div>\n\t\t\t\t\t\t\t\t\t\t\t\t\t\t<\/a>\n\t\t\t\t\t<\/div>\n\t\t\t\t\t<\/div>\n\t\t\t\t<\/div>\n\t\t\t\t<div class=\"elementor-element elementor-element-38e06a3 elementor-widget elementor-widget-text-editor\" data-id=\"38e06a3\" data-element_type=\"widget\" data-widget_type=\"text-editor.default\">\n\t\t\t\t<div class=\"elementor-widget-container\">\n\t\t\t\t\t\t\t\t\t<p>Donde quieras, simplemente b\u00e1jate en una de las muchas paradas y contin\u00faa tu viaje en uno de los pr\u00f3ximos autobuses o disfruta de tu recorrido por la ciudad sin bajarte. Organiza tu d\u00eda a trav\u00e9s de una mezcla de arte, cultura y compras. 14 paradas le ofrecen la oportunidad de explorar los lugares de inter\u00e9s de Colonia de forma individual.  <\/p><p><b>LUGAR DE ENCUENTRO:<\/b> Muro del castillo\/esquina de Kardinal H\u00f6ffner Platz. El autob\u00fas sale de la oficina de la Oficina de Turismo de Colonia, justo enfrente de la catedral. Desde aqu\u00ed, la ruta discurre por Colonia, pasando por galer\u00edas comerciales, museos, el zool\u00f3gico de Colonia y hasta el otro lado del Rin. El recorrido termina en la Catedral de Colonia.   <\/p><p><b>Duraci\u00f3n: aprox. 1,5 horas<\/b><\/p>\t\t\t\t\t\t\t\t<\/div>\n\t\t\t\t<\/div>\n\t\t\t\t<\/div>\n\t\t\t\t<\/div>\n\t\t\t\t\t<\/div>\n\t\t\t\t<\/div>\n\t\t<div class=\"elementor-element elementor-element-521db07 e-flex e-con-boxed e-con e-parent\" data-id=\"521db07\" data-element_type=\"container\" data-settings=\"{&quot;jet_parallax_layout_list&quot;:[]}\">\n\t\t\t\t\t<div class=\"e-con-inner\">\n\t\t\t\t<div class=\"elementor-element elementor-element-0501dc0 elementor-cta--skin-classic elementor-animated-content elementor-bg-transform elementor-bg-transform-zoom-in elementor-widget elementor-widget-call-to-action\" data-id=\"0501dc0\" data-element_type=\"widget\" data-widget_type=\"call-to-action.default\">\n\t\t\t\t<div class=\"elementor-widget-container\">\n\t\t\t\t\t\t\t<a class=\"elementor-cta\" href=\"#elementor-action%3Aaction%3Dpopup%3Aopen%26settings%3DeyJpZCI6NjA5LCJ0b2dnbGUiOmZhbHNlfQ%3D%3D\">\n\t\t\t\t\t<div class=\"elementor-cta__bg-wrapper\">\n\t\t\t\t<div class=\"elementor-cta__bg elementor-bg\" style=\"background-image: url(https:\/\/www.ccs-busreisen.de\/wp-content\/uploads\/2025\/05\/galerie2-e1748688065660.jpg);\" role=\"img\" aria-label=\"\"><\/div>\n\t\t\t\t<div class=\"elementor-cta__bg-overlay\"><\/div>\n\t\t\t<\/div>\n\t\t\t\t\t\t\t<div class=\"elementor-cta__content\">\n\t\t\t\t\n\t\t\t\t\n\t\t\t\t\n\t\t\t\t\t\t\t\t\t<div class=\"elementor-cta__button-wrapper elementor-cta__content-item elementor-content-item \">\n\t\t\t\t\t<span class=\"elementor-cta__button elementor-button elementor-size-\">\n\t\t\t\t\t\t\u00a1Reserva tu entrada AQU\u00cd!\t\t\t\t\t<\/span>\n\t\t\t\t\t<\/div>\n\t\t\t\t\t\t\t<\/div>\n\t\t\t\t\t\t\t<div class=\"elementor-ribbon elementor-ribbon-left\">\n\t\t\t\t<div class=\"elementor-ribbon-inner\">\n\t\t\t\t\t\u00a1ENTRADAS!\t\t\t\t<\/div>\n\t\t\t<\/div>\n\t\t\t\t<\/a>\n\t\t\t\t\t\t<\/div>\n\t\t\t\t<\/div>\n\t\t\t\t\t<\/div>\n\t\t\t\t<\/div>\n\t\t\t\t<\/div>\n\t\t","protected":false},"excerpt":{"rendered":"<p>Recorridos por la ciudad &#8211; Hop on Hop off COLONIA AL AIRE LIBRE en un autob\u00fas descapotable XXL de dos pisos Experimente los aspectos m\u00e1s destacados de Colonia con nuestro tour Hop on Hop off. Sube a bordo de nuestros autobuses de dos pisos amarillos y rojos del CityTour y disfruta de un recorrido por [&hellip;]<\/p>\n","protected":false},"author":1,"featured_media":0,"parent":0,"menu_order":0,"comment_status":"closed","ping_status":"closed","template":"","meta":{"footnotes":""},"class_list":["post-720","page","type-page","status-publish","hentry"],"_links":{"self":[{"href":"https:\/\/www.ccs-busreisen.de\/es\/wp-json\/wp\/v2\/pages\/720","targetHints":{"allow":["GET"]}}],"collection":[{"href":"https:\/\/www.ccs-busreisen.de\/es\/wp-json\/wp\/v2\/pages"}],"about":[{"href":"https:\/\/www.ccs-busreisen.de\/es\/wp-json\/wp\/v2\/types\/page"}],"author":[{"embeddable":true,"href":"https:\/\/www.ccs-busreisen.de\/es\/wp-json\/wp\/v2\/users\/1"}],"replies":[{"embeddable":true,"href":"https:\/\/www.ccs-busreisen.de\/es\/wp-json\/wp\/v2\/comments?post=720"}],"version-history":[{"count":2,"href":"https:\/\/www.ccs-busreisen.de\/es\/wp-json\/wp\/v2\/pages\/720\/revisions"}],"predecessor-version":[{"id":742,"href":"https:\/\/www.ccs-busreisen.de\/es\/wp-json\/wp\/v2\/pages\/720\/revisions\/742"}],"wp:attachment":[{"href":"https:\/\/www.ccs-busreisen.de\/es\/wp-json\/wp\/v2\/media?parent=720"}],"curies":[{"name":"wp","href":"https:\/\/api.w.org\/{rel}","templated":true}]}}